{"id":51,"date":"2023-11-11T15:40:32","date_gmt":"2023-11-11T14:40:32","guid":{"rendered":"https:\/\/www.silbermuschel.de\/wordpress\/?page_id=51"},"modified":"2023-11-12T14:20:47","modified_gmt":"2023-11-12T13:20:47","slug":"wyda","status":"publish","type":"page","link":"https:\/\/www.silbermuschel.de\/?page_id=51","title":{"rendered":"WYDA"},"content":{"rendered":"\n<p>DIE KRAFT DER DRUIDEN<\/p>\n\n\n\n<p>Ein ganzheitlicher Weg zu Gesundheit<br>und Spiritualit\u00e4t \u00dcbungsbuch<\/p>\n\n\n\n<p>Die Druiden besa\u00dfen magische Kr\u00e4fte; sie wurden auch besonders alt Wyda bildet als ganzheitliche Lehre die Grundlage allen druidischen Wissens und ist unser ureigenster westlicher Weg zu gesunder Lebensf\u00fchrung und Selbstverwirklichung.<br>Dieses Buch lehrt den intuitiven Umgang mit den Naturkr\u00e4ften und die praktische Erfahrung des feinstofflichen K\u00f6rpers. Mehr als drei\u00dfig anschaulich geschilderte und illustrierte \u00dcbungsabl\u00e4ufe machen es dem Leser einfach, durch konsequentes \u00dcben grundlegende Ver\u00e4nderungen im seelischen und k\u00f6rperlichen Befinden herbeizuf\u00fchren. Neben der Erhaltung oder Erlangung vollkommener Gesundheit. ein Hauptaugenmerk des Buches, f\u00f6rdert die \u00dcbungspraxis des Wyda gerade im Alltag des stressgeplagten Mitteleurop\u00e4ers intellektuelle Wachheit und Konzentration. Die \u00dcbungen wirken einzeln und zusammen stets auf K\u00f6rper, Seele und Geist und unterst\u00fctzen daher auch das spirituelle und pers\u00f6nliche Wachstum.<\/p>\n\n\n\n<p>A.A. Schwarz \/ R.P. Schweppe \/ W.M. Pfau<\/p>\n\n\n\n<div class=\"wp-block-buttons is-layout-flex wp-block-buttons-is-layout-flex\">\n<div class=\"wp-block-button is-style-fill\"><a class=\"wp-block-button__link has-text-align-center wp-element-button\" href=\"https:\/\/www.silbermuschel.de\/?p=54\">Einf\u00fchrung<\/a><\/div>\n\n\n\n<div class=\"wp-block-button\"><a class=\"wp-block-button__link wp-element-button\" href=\"https:\/\/www.silbermuschel.de\/?p=69\">\u00dcbungen<\/a><\/div>\n\n\n\n<div class=\"wp-block-button\"><a class=\"wp-block-button__link wp-element-button\" href=\"https:\/\/www.silbermuschel.de\/?p=59\">Teil I<\/a><\/div>\n\n\n\n<div class=\"wp-block-button\"><a class=\"wp-block-button__link wp-element-button\" href=\"https:\/\/www.silbermuschel.de\/?p=61\">Teil II<\/a><\/div>\n\n\n\n<div class=\"wp-block-button\"><a class=\"wp-block-button__link wp-element-button\" href=\"https:\/\/www.silbermuschel.de\/?p=63\">Teil III<\/a><\/div>\n\n\n\n<div class=\"wp-block-button\"><a class=\"wp-block-button__link wp-element-button\" href=\"https:\/\/www.silbermuschel.de\/?p=65\">Teil IV<\/a><\/div>\n\n\n\n<div class=\"wp-block-button\"><a class=\"wp-block-button__link wp-element-button\" href=\"https:\/\/www.silbermuschel.de\/?p=67\">Teil V <\/a><\/div>\n<\/div>\n","protected":false},"excerpt":{"rendered":"<p>DIE KRAFT DER DRUIDEN Ein ganzheitlicher Weg zu Gesundheitund Spiritualit\u00e4t \u00dcbungsbuch Die Druiden besa\u00dfen magische Kr\u00e4fte; sie wurden auch besonders alt Wyda bildet als ganzheitliche Lehre die Grundlage allen druidischen Wissens und ist unser ureigenster westlicher Weg zu gesunder Lebensf\u00fchrung und Selbstverwirklichung.Dieses Buch lehrt den intuitiven Umgang mit den Naturkr\u00e4ften und die praktische Erfahrung des &hellip; <a href=\"https:\/\/www.silbermuschel.de\/?page_id=51\" class=\"more-link\"><span class=\"screen-reader-text\">WYDA<\/span> weiterlesen <span class=\"meta-nav\">&rarr;<\/span><\/a><\/p>\n","protected":false},"author":1,"featured_media":0,"parent":0,"menu_order":0,"comment_status":"closed","ping_status":"closed","template":"","meta":{"pgc_sgb_lightbox_settings":"","footnotes":""},"class_list":["post-51","page","type-page","status-publish","hentry"],"_links":{"self":[{"href":"https:\/\/www.silbermuschel.de\/index.php?rest_route=\/wp\/v2\/pages\/51","targetHints":{"allow":["GET"]}}],"collection":[{"href":"https:\/\/www.silbermuschel.de\/index.php?rest_route=\/wp\/v2\/pages"}],"about":[{"href":"https:\/\/www.silbermuschel.de\/index.php?rest_route=\/wp\/v2\/types\/page"}],"author":[{"embeddable":true,"href":"https:\/\/www.silbermuschel.de\/index.php?rest_route=\/wp\/v2\/users\/1"}],"replies":[{"embeddable":true,"href":"https:\/\/www.silbermuschel.de\/index.php?rest_route=%2Fwp%2Fv2%2Fcomments&post=51"}],"version-history":[{"count":7,"href":"https:\/\/www.silbermuschel.de\/index.php?rest_route=\/wp\/v2\/pages\/51\/revisions"}],"predecessor-version":[{"id":416,"href":"https:\/\/www.silbermuschel.de\/index.php?rest_route=\/wp\/v2\/pages\/51\/revisions\/416"}],"wp:attachment":[{"href":"https:\/\/www.silbermuschel.de\/index.php?rest_route=%2Fwp%2Fv2%2Fmedia&parent=51"}],"curies":[{"name":"wp","href":"https:\/\/api.w.org\/{rel}","templated":true}]}}